{"id":715,"date":"2024-12-03T23:30:02","date_gmt":"2024-12-03T22:30:02","guid":{"rendered":"https:\/\/wiescribe.com\/?page_id=715"},"modified":"2025-04-14T21:54:12","modified_gmt":"2025-04-14T19:54:12","slug":"financial-analysis-solutions","status":"publish","type":"page","link":"https:\/\/wiescribe.com\/de\/financial-analysis-solutions\/","title":{"rendered":"Financial analysis solutions"},"content":{"rendered":"<div data-elementor-type=\"wp-page\" data-elementor-id=\"715\" class=\"elementor elementor-715\">\n\t\t\t\t<div class=\"elementor-element elementor-element-7cbee16 e-flex e-con-boxed e-con e-parent\" data-id=\"7cbee16\" data-element_type=\"container\" data-e-type=\"container\" data-settings=\"{&quot;background_background&quot;:&quot;classic&quot;}\">\n\t\t\t\t\t<div class=\"e-con-inner\">\n\t\t\t\t<div class=\"elementor-element elementor-element-593f48d elementor-invisible elementor-widget elementor-widget-elementskit-heading\" data-id=\"593f48d\" data-element_type=\"widget\" data-e-type=\"widget\" data-settings=\"{&quot;_animation&quot;:&quot;fadeInDown&quot;}\" data-widget_type=\"elementskit-heading.default\">\n\t\t\t\t<div class=\"elementor-widget-container\">\n\t\t\t\t\t<div class=\"ekit-wid-con\" ><div class=\"ekit-heading elementskit-section-title-wraper text_center   ekit_heading_tablet-   ekit_heading_mobile-\"><h2 class=\"ekit-heading--title elementskit-section-title translation-block\"><span><span>Analyse<\/span><\/span> &amp; <span><span>Gesch\u00e4fts<\/span><\/span><br> L\u00f6sungen<\/h2><\/div><\/div>\t\t\t\t<\/div>\n\t\t\t\t<\/div>\n\t\t\t\t<div class=\"elementor-element elementor-element-24650a0 elementor-align-center elementor-invisible elementor-widget elementor-widget-button\" data-id=\"24650a0\" data-element_type=\"widget\" data-e-type=\"widget\" data-settings=\"{&quot;_animation&quot;:&quot;fadeIn&quot;,&quot;_animation_delay&quot;:1}\" data-widget_type=\"button.default\">\n\t\t\t\t<div class=\"elementor-widget-container\">\n\t\t\t\t\t\t\t\t\t<div class=\"elementor-button-wrapper\">\n\t\t\t\t\t<a class=\"elementor-button elementor-size-sm\" role=\"button\">\n\t\t\t\t\t\t<span class=\"elementor-button-content-wrapper\">\n\t\t\t\t\t\t\t\t\t<span class=\"elementor-button-text\">Gesch\u00e4ftsl\u00f6sungen<\/span>\n\t\t\t\t\t<\/span>\n\t\t\t\t\t<\/a>\n\t\t\t\t<\/div>\n\t\t\t\t\t\t\t\t<\/div>\n\t\t\t\t<\/div>\n\t\t\t\t\t<\/div>\n\t\t\t\t<\/div>\n\t\t<div class=\"elementor-element elementor-element-553e4a9 e-flex e-con-boxed elementor-invisible e-con e-parent\" data-id=\"553e4a9\" data-element_type=\"container\" data-e-type=\"container\" data-settings=\"{&quot;shape_divider_top&quot;:&quot;opacity-tilt&quot;,&quot;animation&quot;:&quot;fadeInDown&quot;}\">\n\t\t\t\t\t<div class=\"e-con-inner\">\n\t\t\t\t<div class=\"elementor-shape elementor-shape-top\" aria-hidden=\"true\" data-negative=\"false\">\n\t\t\t<svg xmlns=\"http:\/\/www.w3.org\/2000\/svg\" viewbox=\"0 0 2600 131.1\" preserveaspectratio=\"none\">\n\t<path class=\"elementor-shape-fill\" d=\"M0 0L2600 0 2600 69.1 0 0z\"\/>\n\t<path class=\"elementor-shape-fill\" style=\"opacity:0.5\" d=\"M0 0L2600 0 2600 69.1 0 69.1z\"\/>\n\t<path class=\"elementor-shape-fill\" style=\"opacity:0.25\" d=\"M2600 0L0 0 0 130.1 2600 69.1z\"\/>\n<\/svg>\t\t<\/div>\n\t\t<div class=\"elementor-element elementor-element-32102a0 e-con-full e-flex e-con e-child\" data-id=\"32102a0\" data-element_type=\"container\" data-e-type=\"container\">\n\t\t<div class=\"elementor-element elementor-element-2a07489 e-con-full e-flex e-con e-child\" data-id=\"2a07489\" data-element_type=\"container\" data-e-type=\"container\">\n\t\t<div class=\"elementor-element elementor-element-eb6d79e e-con-full e-flex e-con e-child\" data-id=\"eb6d79e\" data-element_type=\"container\" data-e-type=\"container\" data-settings=\"{&quot;background_background&quot;:&quot;classic&quot;}\">\n\t\t\t\t<div class=\"elementor-element elementor-element-bddccef elementor-widget elementor-widget-elementskit-heading\" data-id=\"bddccef\" data-element_type=\"widget\" data-e-type=\"widget\" data-widget_type=\"elementskit-heading.default\">\n\t\t\t\t<div class=\"elementor-widget-container\">\n\t\t\t\t\t<div class=\"ekit-wid-con\" ><div class=\"ekit-heading elementskit-section-title-wraper text_left   ekit_heading_tablet-   ekit_heading_mobile-\"><h2 class=\"ekit-heading--title elementskit-section-title\"><span><span>Datenanalyse und Berichtserstellung<\/span><\/span><\/h2><div class=\"ekit_heading_separetor_wraper ekit_heading_elementskit-border-divider ekit-dotted\"><div class=\"elementskit-border-divider ekit-dotted\"><\/div><\/div><\/div><\/div>\t\t\t\t<\/div>\n\t\t\t\t<\/div>\n\t\t\t\t<div class=\"elementor-element elementor-element-b003d7c elementor-widget elementor-widget-heading\" data-id=\"b003d7c\" data-element_type=\"widget\" data-e-type=\"widget\" data-widget_type=\"heading.default\">\n\t\t\t\t<div class=\"elementor-widget-container\">\n\t\t\t\t\t<h2 class=\"elementor-heading-title elementor-size-default\">Wir analysieren Daten basierend auf den Anforderungen und Erwartungen der Kunden und erstellen detaillierte Berichte, um die Entscheidungsfindung zu unterst\u00fctzen.<\/h2>\t\t\t\t<\/div>\n\t\t\t\t<\/div>\n\t\t\t\t<\/div>\n\t\t<div class=\"elementor-element elementor-element-2da0cc4 e-con-full e-flex e-con e-child\" data-id=\"2da0cc4\" data-element_type=\"container\" data-e-type=\"container\">\n\t\t\t\t<div class=\"elementor-element elementor-element-102b811 elementor-widget elementor-widget-elementskit-heading\" data-id=\"102b811\" data-element_type=\"widget\" data-e-type=\"widget\" data-widget_type=\"elementskit-heading.default\">\n\t\t\t\t<div class=\"elementor-widget-container\">\n\t\t\t\t\t<div class=\"ekit-wid-con\" ><div class=\"ekit-heading elementskit-section-title-wraper text_left   ekit_heading_tablet-   ekit_heading_mobile-\"><h2 class=\"ekit-heading--title elementskit-section-title\"><span><span>Administrative Auslagerung<\/span><\/span><\/h2><div class=\"ekit_heading_separetor_wraper ekit_heading_elementskit-border-divider ekit-dotted\"><div class=\"elementskit-border-divider ekit-dotted\"><\/div><\/div><\/div><\/div>\t\t\t\t<\/div>\n\t\t\t\t<\/div>\n\t\t\t\t<div class=\"elementor-element elementor-element-552002d elementor-widget elementor-widget-heading\" data-id=\"552002d\" data-element_type=\"widget\" data-e-type=\"widget\" data-widget_type=\"heading.default\">\n\t\t\t\t<div class=\"elementor-widget-container\">\n\t\t\t\t\t<h2 class=\"elementor-heading-title elementor-size-default\"><ul> <li>Buchhaltung.  <br>\n<li>Lohnabrechnung  <br>\n<li>Callcenter-Dienstleistungen.  <\/ul><\/h2>\t\t\t\t<\/div>\n\t\t\t\t<\/div>\n\t\t\t\t<\/div>\n\t\t<div class=\"elementor-element elementor-element-1d2c32b e-con-full e-flex e-con e-child\" data-id=\"1d2c32b\" data-element_type=\"container\" data-e-type=\"container\" data-settings=\"{&quot;background_background&quot;:&quot;classic&quot;}\">\n\t\t\t\t<div class=\"elementor-element elementor-element-6c53b1d elementor-widget elementor-widget-elementskit-heading\" data-id=\"6c53b1d\" data-element_type=\"widget\" data-e-type=\"widget\" data-widget_type=\"elementskit-heading.default\">\n\t\t\t\t<div class=\"elementor-widget-container\">\n\t\t\t\t\t<div class=\"ekit-wid-con\" ><div class=\"ekit-heading elementskit-section-title-wraper text_left   ekit_heading_tablet-   ekit_heading_mobile-\"><h2 class=\"ekit-heading--title elementskit-section-title\"><span><span>Leistungsbewertung<\/span><\/span><\/h2><div class=\"ekit_heading_separetor_wraper ekit_heading_elementskit-border-divider ekit-dotted\"><div class=\"elementskit-border-divider ekit-dotted\"><\/div><\/div><\/div><\/div>\t\t\t\t<\/div>\n\t\t\t\t<\/div>\n\t\t\t\t<div class=\"elementor-element elementor-element-a67b332 elementor-widget elementor-widget-heading\" data-id=\"a67b332\" data-element_type=\"widget\" data-e-type=\"widget\" data-widget_type=\"heading.default\">\n\t\t\t\t<div class=\"elementor-widget-container\">\n\t\t\t\t\t<h2 class=\"elementor-heading-title elementor-size-default\"><ul> <li>Die St\u00e4rken und Schw\u00e4chen des Unternehmens verstehen, KPIs definieren und Marktumfragen durchf\u00fchren.  <br>\n<li>Unterst\u00fctzung bei strategischen Entscheidungen: Investitionen, Fundraising und Kostensenkung.  <br>\n<li> Risiken identifizieren: Herausforderungen und Chancen antizipieren.  <br><\/ul><\/h2>\t\t\t\t<\/div>\n\t\t\t\t<\/div>\n\t\t\t\t<\/div>\n\t\t\t\t<\/div>\n\t\t<div class=\"elementor-element elementor-element-2c58dfc e-con-full e-flex e-con e-child\" data-id=\"2c58dfc\" data-element_type=\"container\" data-e-type=\"container\">\n\t\t\t\t<div class=\"elementor-element elementor-element-175504f elementor-widget__width-inherit elementor-widget elementor-widget-image\" data-id=\"175504f\" data-element_type=\"widget\" data-e-type=\"widget\" data-widget_type=\"image.default\">\n\t\t\t\t<div class=\"elementor-widget-container\">\n\t\t\t\t\t\t\t\t\t\t\t\t\t\t\t<img fetchpriority=\"high\" decoding=\"async\" width=\"768\" height=\"1152\" src=\"https:\/\/wiescribe.com\/wp-content\/uploads\/2025\/02\/business-people-meeting-office-768x1152.jpg\" class=\"attachment-medium_large size-medium_large wp-image-950\" alt=\"\" srcset=\"https:\/\/wiescribe.com\/wp-content\/uploads\/2025\/02\/business-people-meeting-office-768x1152.jpg 768w, https:\/\/wiescribe.com\/wp-content\/uploads\/2025\/02\/business-people-meeting-office-200x300.jpg 200w, https:\/\/wiescribe.com\/wp-content\/uploads\/2025\/02\/business-people-meeting-office-683x1024.jpg 683w, https:\/\/wiescribe.com\/wp-content\/uploads\/2025\/02\/business-people-meeting-office-1024x1536.jpg 1024w, https:\/\/wiescribe.com\/wp-content\/uploads\/2025\/02\/business-people-meeting-office-1365x2048.jpg 1365w, https:\/\/wiescribe.com\/wp-content\/uploads\/2025\/02\/business-people-meeting-office-8x12.jpg 8w, https:\/\/wiescribe.com\/wp-content\/uploads\/2025\/02\/business-people-meeting-office-scaled.jpg 1707w\" sizes=\"(max-width: 768px) 100vw, 768px\" \/>\t\t\t\t\t\t\t\t\t\t\t\t\t\t\t<\/div>\n\t\t\t\t<\/div>\n\t\t\t\t<div class=\"elementor-element elementor-element-43507f9 elementor-widget__width-inherit elementor-widget elementor-widget-image\" data-id=\"43507f9\" data-element_type=\"widget\" data-e-type=\"widget\" data-widget_type=\"image.default\">\n\t\t\t\t<div class=\"elementor-widget-container\">\n\t\t\t\t\t\t\t\t\t\t\t\t\t\t\t<img decoding=\"async\" width=\"768\" height=\"1359\" src=\"https:\/\/wiescribe.com\/wp-content\/uploads\/2025\/02\/freepik__expand__67390-768x1359.png\" class=\"attachment-medium_large size-medium_large wp-image-952\" alt=\"\" srcset=\"https:\/\/wiescribe.com\/wp-content\/uploads\/2025\/02\/freepik__expand__67390-768x1359.png 768w, https:\/\/wiescribe.com\/wp-content\/uploads\/2025\/02\/freepik__expand__67390-170x300.png 170w, https:\/\/wiescribe.com\/wp-content\/uploads\/2025\/02\/freepik__expand__67390-579x1024.png 579w, https:\/\/wiescribe.com\/wp-content\/uploads\/2025\/02\/freepik__expand__67390-7x12.png 7w, https:\/\/wiescribe.com\/wp-content\/uploads\/2025\/02\/freepik__expand__67390.png 832w\" sizes=\"(max-width: 768px) 100vw, 768px\" \/>\t\t\t\t\t\t\t\t\t\t\t\t\t\t\t<\/div>\n\t\t\t\t<\/div>\n\t\t\t\t<\/div>\n\t\t\t\t<\/div>\n\t\t\t\t\t<\/div>\n\t\t\t\t<\/div>\n\t\t\t\t<\/div>","protected":false},"excerpt":{"rendered":"<p>Analysis &amp; Business Solutions Business Solutions Data Analysis and Report Generation We analyze data based on client needs and expectations, providing detailed reports to guide decision-making. Administrative Outsourcing Accounting. Payroll Call center services. Performance Evaluation Understand the company&#8217;s strengths and weaknesses, define KPIs, and conduct market surveys. Assist with strategic decision-making: investments, fundraising, and cost&#8230;<\/p>","protected":false},"author":1,"featured_media":0,"parent":0,"menu_order":0,"comment_status":"closed","ping_status":"closed","template":"","meta":{"_kad_post_transparent":"","_kad_post_title":"hide","_kad_post_layout":"fullwidth","_kad_post_sidebar_id":"","_kad_post_content_style":"unboxed","_kad_post_vertical_padding":"hide","_kad_post_feature":"hide","_kad_post_feature_position":"","_kad_post_header":false,"_kad_post_footer":false,"footnotes":""},"class_list":["post-715","page","type-page","status-publish","hentry"],"_links":{"self":[{"href":"https:\/\/wiescribe.com\/de\/wp-json\/wp\/v2\/pages\/715","targetHints":{"allow":["GET"]}}],"collection":[{"href":"https:\/\/wiescribe.com\/de\/wp-json\/wp\/v2\/pages"}],"about":[{"href":"https:\/\/wiescribe.com\/de\/wp-json\/wp\/v2\/types\/page"}],"author":[{"embeddable":true,"href":"https:\/\/wiescribe.com\/de\/wp-json\/wp\/v2\/users\/1"}],"replies":[{"embeddable":true,"href":"https:\/\/wiescribe.com\/de\/wp-json\/wp\/v2\/comments?post=715"}],"version-history":[{"count":19,"href":"https:\/\/wiescribe.com\/de\/wp-json\/wp\/v2\/pages\/715\/revisions"}],"predecessor-version":[{"id":980,"href":"https:\/\/wiescribe.com\/de\/wp-json\/wp\/v2\/pages\/715\/revisions\/980"}],"wp:attachment":[{"href":"https:\/\/wiescribe.com\/de\/wp-json\/wp\/v2\/media?parent=715"}],"curies":[{"name":"wp","href":"https:\/\/api.w.org\/{rel}","templated":true}]}}